{"id":103,"date":"2019-07-29T17:19:24","date_gmt":"2019-07-29T15:19:24","guid":{"rendered":"http:\/\/ealp.fr\/?page_id=103"},"modified":"2020-09-29T09:07:20","modified_gmt":"2020-09-29T07:07:20","slug":"work-in-progress","status":"publish","type":"page","link":"https:\/\/ealp.fr\/index.php\/collaborations\/work-in-progress\/","title":{"rendered":"WORK IN PROGRESS"},"content":{"rendered":"\n<figure class=\"wp-block-embed-youtube wp-block-embed is-type-video is-provider-youtube wp-embed-aspect-16-9 wp-has-aspect-ratio\"><div class=\"wp-block-embed__wrapper\">\n<iframe loading=\"lazy\" title=\"Work In Progress - Marc Nammour\" width=\"525\" height=\"295\" src=\"https:\/\/www.youtube.com\/embed\/1KVQplatTc8?feature=oembed\" frameborder=\"0\" allow=\"accelerometer; autoplay; clipboard-write; encrypted-media; gyroscope; picture-in-picture; web-share\" referrerpolicy=\"strict-origin-when-cross-origin\" allowfullscreen><\/iframe>\n<\/div><\/figure>\n\n\n\n<figure class=\"wp-block-image\"><img loading=\"lazy\" decoding=\"async\" width=\"1024\" height=\"498\" src=\"http:\/\/ealp.fr\/wp-content\/uploads\/2019\/05\/20190512_182320-1024x498.jpg\" alt=\"\" class=\"wp-image-52\" srcset=\"https:\/\/ealp.fr\/wp-content\/uploads\/2019\/05\/20190512_182320-1024x498.jpg 1024w, https:\/\/ealp.fr\/wp-content\/uploads\/2019\/05\/20190512_182320-300x146.jpg 300w, https:\/\/ealp.fr\/wp-content\/uploads\/2019\/05\/20190512_182320-768x373.jpg 768w\" sizes=\"auto, (max-width: 767px) 89vw, (max-width: 1000px) 54vw, (max-width: 1071px) 543px, 580px\" \/><figcaption>Fen\u00eatre sur Cour  &#8211; Fondation Royaumont  &#8211; juin 2019<\/figcaption><\/figure>\n\n\n\n<p>Marc Nammour&nbsp;textes, po\u00e9sie scand\u00e9e&nbsp;<br>Elo\u00efse Deschemin&nbsp;chor\u00e9graphie, danse&nbsp;<br>Silvia Di Rienzo&nbsp;danse&nbsp;<br>Serge Teyssot-Gay&nbsp;guitare \u00e9lectrique&nbsp;<br>St\u00e9phane Edouard&nbsp;percussions<\/p>\n\n\n\n<p>Invit\u00e9e par Marc pour chor\u00e9graphier ce projet \u00e0 l\u2019\u00e9quipe prot\u00e9iforme,\n je termine cette cr\u00e9ation en prenant la mesure de la mutation qui s\u2019est\n op\u00e9r\u00e9e. Heureuse que chacun d\u2019entre nous ait eu envie de se d\u00e9placer \ndans ses habitudes, dans sa vision esth\u00e9tique pour fabriquer ensemble, \nje ne sais le nommer, disons un concert chor\u00e9graphique qui allie \nnarration, po\u00e9sie, corps et voix, danse et musique, sc\u00e9nographie et bon \nnombre de strates de lectures de la plus intelligible \u00e0 la plus \n\u00e9motionnelle.<\/p>\n\n\n\n<p>&nbsp;<br>Work In Progress&nbsp;est le titre de la troisi\u00e8me cr\u00e9ation imagin\u00e9e \npar Marc Nammour dans le cadre de sa r\u00e9sidence \u00e0 Royaumont (2016-2019). \nC\u2019est la rencontre profond\u00e9ment imbriqu\u00e9e entre trois disciplines : la \npo\u00e9sie, la danse et la musique. C\u2019est une r\u00e9flexion sur le travail, la \nplace qu\u2019il occupe, sa fonction, ses enjeux et ses cons\u00e9quences sur \nl\u2019individu. C\u2019est un pr\u00e9texte pour raconter le monde et parler de \nl\u2019organisation de la vie dans nos soci\u00e9t\u00e9s modernes. C\u2019est un miroir sur\n la condition de l\u2019Homme dans ce tourbillon mondialis\u00e9. C\u2019est un titre \nd\u2019inspiration outre atlantique, en r\u00e9f\u00e9rence \u00e0 l\u2019anglicisme r\u00e9current \ndes nouvelles techniques de management \u00e0 l\u2019\u0153uvre dans les entreprises.<\/p>\n\n\n\n<p>Production : Fondation Royaumont.&nbsp;Coproduction : TNS.&nbsp;<br>Avec le soutien de la Sacem.&nbsp;<br>Avec le m\u00e9c\u00e9nat du Groupe ADP.&nbsp;<br>Avec le soutien du Comit\u00e9 Henry Go\u00fcin, m\u00e9c\u00e9nat collectif d\u2019entreprises.<\/p>\n\n\n\n<p><strong>Dates \u00e0 venir<\/strong><\/p>\n\n\n\n<ul class=\"wp-block-list\"><li><strong>15 janvier 2021 <\/strong>Le Rive Gauche, Saint-Etienne-du-Rouvray<\/li><\/ul>\n\n\n\n<p><strong>Dates pass\u00e9es <\/strong><\/p>\n\n\n\n<ul class=\"wp-block-list\"><li><strong>14 &amp; 15 septembre 2019<\/strong>\u00a0Abbaye de Royaumont &#8211; Cr\u00e9ation                                                                             <\/li><li><strong>19 d\u00e9cembre 2019<\/strong>\u00a0Les sc\u00e8nes du Jura,\u00a0 sc\u00e8ne nationale de Lons le Saunier<\/li><\/ul>\n\n\n\n<p><\/p>\n","protected":false},"excerpt":{"rendered":"<p>Marc Nammour&nbsp;textes, po\u00e9sie scand\u00e9e&nbsp;Elo\u00efse Deschemin&nbsp;chor\u00e9graphie, danse&nbsp;Silvia Di Rienzo&nbsp;danse&nbsp;Serge Teyssot-Gay&nbsp;guitare \u00e9lectrique&nbsp;St\u00e9phane Edouard&nbsp;percussions Invit\u00e9e par Marc pour chor\u00e9graphier ce projet \u00e0 l\u2019\u00e9quipe prot\u00e9iforme, je termine cette cr\u00e9ation en prenant la mesure de la mutation qui s\u2019est op\u00e9r\u00e9e. Heureuse que chacun d\u2019entre nous ait eu envie de se d\u00e9placer dans ses habitudes, dans sa vision esth\u00e9tique pour fabriquer &hellip; <\/p>\n<p class=\"link-more\"><a href=\"https:\/\/ealp.fr\/index.php\/collaborations\/work-in-progress\/\" class=\"more-link\">Continuer la lecture<span class=\"screen-reader-text\"> de &laquo;&nbsp;WORK IN PROGRESS&nbsp;&raquo;<\/span><\/a><\/p>\n","protected":false},"author":1,"featured_media":0,"parent":91,"menu_order":0,"comment_status":"closed","ping_status":"closed","template":"","meta":{"footnotes":""},"class_list":["post-103","page","type-page","status-publish","hentry"],"_links":{"self":[{"href":"https:\/\/ealp.fr\/index.php\/wp-json\/wp\/v2\/pages\/103","targetHints":{"allow":["GET"]}}],"collection":[{"href":"https:\/\/ealp.fr\/index.php\/wp-json\/wp\/v2\/pages"}],"about":[{"href":"https:\/\/ealp.fr\/index.php\/wp-json\/wp\/v2\/types\/page"}],"author":[{"embeddable":true,"href":"https:\/\/ealp.fr\/index.php\/wp-json\/wp\/v2\/users\/1"}],"replies":[{"embeddable":true,"href":"https:\/\/ealp.fr\/index.php\/wp-json\/wp\/v2\/comments?post=103"}],"version-history":[{"count":7,"href":"https:\/\/ealp.fr\/index.php\/wp-json\/wp\/v2\/pages\/103\/revisions"}],"predecessor-version":[{"id":236,"href":"https:\/\/ealp.fr\/index.php\/wp-json\/wp\/v2\/pages\/103\/revisions\/236"}],"up":[{"embeddable":true,"href":"https:\/\/ealp.fr\/index.php\/wp-json\/wp\/v2\/pages\/91"}],"wp:attachment":[{"href":"https:\/\/ealp.fr\/index.php\/wp-json\/wp\/v2\/media?parent=103"}],"curies":[{"name":"wp","href":"https:\/\/api.w.org\/{rel}","templated":true}]}}