{"id":126,"date":"2019-07-29T17:49:24","date_gmt":"2019-07-29T15:49:24","guid":{"rendered":"http:\/\/ealp.fr\/?page_id=126"},"modified":"2021-01-22T14:33:28","modified_gmt":"2021-01-22T13:33:28","slug":"local","status":"publish","type":"page","link":"https:\/\/ealp.fr\/index.php\/collaborations\/local\/","title":{"rendered":"LOCAL &#8211; Elo\u00efse Deschemin &#038; Mathieu Heyraud"},"content":{"rendered":"\n<figure class=\"wp-block-image\"><img loading=\"lazy\" decoding=\"async\" width=\"921\" height=\"681\" src=\"http:\/\/ealp.fr\/wp-content\/uploads\/2019\/07\/Capture-d\u2019e\u0301cran-2019-07-29-a\u0300-17.50.24.png\" alt=\"\" class=\"wp-image-129\" srcset=\"https:\/\/ealp.fr\/wp-content\/uploads\/2019\/07\/Capture-d\u2019e\u0301cran-2019-07-29-a\u0300-17.50.24.png 921w, https:\/\/ealp.fr\/wp-content\/uploads\/2019\/07\/Capture-d\u2019e\u0301cran-2019-07-29-a\u0300-17.50.24-300x222.png 300w, https:\/\/ealp.fr\/wp-content\/uploads\/2019\/07\/Capture-d\u2019e\u0301cran-2019-07-29-a\u0300-17.50.24-768x568.png 768w\" sizes=\"auto, (max-width: 767px) 89vw, (max-width: 1000px) 54vw, (max-width: 1071px) 543px, 580px\" \/><\/figure>\n\n\n\n<p><strong>LOCAL <\/strong><em>co-\u00e9crit avec Mathieu Heyraud est une des ROUTINES du projet.<\/em><\/p>\n\n\n\n<p>Arm\u00e9s de notre regard d\u2019anthropo-bricologues, Mathieu &amp; moi \nd\u00e9cidons de parcourir la ville pour y tenter une cartographie \nchor\u00e9graphique dont nous serons les protagonistes. Cartographie qui \nprendra la forme d\u2019un roman photo \u00e9dit\u00e9 quotidiennement. Ah oui, notre \npoint de chute pour l\u2019exposition, \u00e9dition, point de d\u00e9part quotidien : \nun magasin abandonn\u00e9. R\u00e9activer sera le ma\u00eetre mot. Restons connect\u00e9s, \nnotre enseigne.<\/p>\n\n\n\n<p><strong>CALENDRIER de recherche, cr\u00e9ation<\/strong> <br> &#8211; <strong>du 4 au 7 avril 2017<\/strong> &#8211; Inventaire et Stock, premier laboratoire de recherche \u00e0 <strong>Le Magasin<\/strong>, laboratoire de permanence chor\u00e9graphique \u00e0 Saint-Etienne (42).<br> &#8211; du <strong>30 mai au 4 juin 2018<\/strong> &#8211; Animer\/r\u00e9animer, deuxi\u00e8me laboratoire de<br>recherche \u00e0 <strong>Le Magasin<\/strong>, laboratoire de permanence chor\u00e9graphique \u00e0 Saint-Etienne (42).<br> &#8211; du <strong>27 mai au 7 juin 2019 <\/strong>&#8211; r\u00e9sidence de recherche \u00e0 <strong>La Pratique<\/strong> &#8211; Atelier de fabrique artistique \u00e0 Vatan (36).<br> -du <strong>23 novembre au 4 d\u00e9cembre 2020<\/strong> &#8211; r\u00e9sidence de recherche  \u00e0 Saint-Etienne (42)<br> &#8211; du <strong>22 f\u00e9vrier au 5 mars 2021<\/strong> &#8211; r\u00e9sidence de recherche \u00e0 <strong>2angles<\/strong> \u00e0 Flers (61)       <\/p>\n\n\n\n<p><strong>CALENDRIER de diffusion<\/strong> <br> &#8211; du<strong> 26 au 30 avril 2021<\/strong> &#8211; dans le cadre du projet ROUTINE#Angoul\u00eame<\/p>\n\n\n\n<p>&#8211; du<strong> 1er au 4 juin  2021 <\/strong>&#8211; Th\u00e9\u00e2tre 145 &#8211; TMG, Grenoble (38), invit\u00e9 par la cie \u00e9piderme, artiste associ\u00e9 <\/p>\n\n\n\n<p>&#8211; du <strong>8 au 12 juin 2021<\/strong> &#8211; dans le cadre du projet ROUTINE#Ahun <br>   <\/p>\n\n\n\n<p>&#8212;&#8212;&#8212;&#8212;&#8212;&#8212;&#8212;&#8212;&#8212;-<\/p>\n\n\n\n<p><\/p>\n\n\n\n<p><strong><a rel=\"noreferrer noopener\" aria-label=\" (s\u2019ouvre dans un nouvel onglet)\" href=\"https:\/\/drive.google.com\/file\/d\/1mnVeXfNnsd_7hEakGmM6GM0aH0YKnL0F\/view?ts=60059df4\" target=\"_blank\">DOSSIER DE PR\u00c9SENTATION<\/a><\/strong><\/p>\n\n\n\n<p>&#8212;&#8212;&#8212;&#8212;&#8212;&#8212;&#8212;&#8212;&#8212;&#8211;<\/p>\n\n\n\n<p><\/p>\n\n\n\n<figure class=\"wp-block-image\"><img loading=\"lazy\" decoding=\"async\" width=\"178\" height=\"39\" src=\"http:\/\/ealp.fr\/wp-content\/uploads\/2020\/10\/Capture-d\u2019e\u0301cran-2020-10-01-a\u0300-14.08.30.png\" alt=\"\" class=\"wp-image-262\"\/><\/figure>\n\n\n\n<p><a rel=\"noreferrer noopener\" aria-label=\"Extrait du Podcast roman photo : l'essence du vide (s\u2019ouvre dans un nouvel onglet)\" href=\"https:\/\/soundcloud.com\/mathieu-heyraud-536612372\/local-extrait-du-podcast-roman-photo-lessence-du-vide\" target=\"_blank\">Extrait du Podcast Roman-photo : l&rsquo;essence du vide<\/a> &#8211; par Elo\u00efse Deschemin &amp; Mathieu Heyraud<\/p>\n\n\n\n<p>Lors des p\u00e9riodes de r\u00e9sidence, Mathieu &amp; Elo\u00efse imaginent des temps de rencontres avec les habitants, comme ici \u00e0 Vatan<\/p>\n\n\n\n<p>SOIR\u00c9E \u00ab \u00c0 TABLE&nbsp;\u00bb &nbsp;&nbsp; <a rel=\"noreferrer noopener\" href=\"https:\/\/www.facebook.com\/events\/530876261064742\/\" target=\"_blank\">https:\/\/www.facebook.com\/events\/530876261064742\/<\/a><\/p>\n\n\n\n<p>JOURN\u00c9E \u00ab SUIVEZ NOUS \u00bb&nbsp;\u2013&nbsp;1er&nbsp;juin, de 7H du matin \u00e0 19H&nbsp;<a rel=\"noreferrer noopener\" href=\"https:\/\/www.facebook.com\/events\/2076536955789061\/\" target=\"_blank\">https:\/\/www.facebook.com\/events\/2076536955789061\/<\/a><\/p>\n","protected":false},"excerpt":{"rendered":"<p>LOCAL co-\u00e9crit avec Mathieu Heyraud est une des ROUTINES du projet. Arm\u00e9s de notre regard d\u2019anthropo-bricologues, Mathieu &amp; moi d\u00e9cidons de parcourir la ville pour y tenter une cartographie chor\u00e9graphique dont nous serons les protagonistes. Cartographie qui prendra la forme d\u2019un roman photo \u00e9dit\u00e9 quotidiennement. Ah oui, notre point de chute pour l\u2019exposition, \u00e9dition, point &hellip; <\/p>\n<p class=\"link-more\"><a href=\"https:\/\/ealp.fr\/index.php\/collaborations\/local\/\" class=\"more-link\">Continuer la lecture<span class=\"screen-reader-text\"> de &laquo;&nbsp;LOCAL &#8211; Elo\u00efse Deschemin &#038; Mathieu Heyraud&nbsp;&raquo;<\/span><\/a><\/p>\n","protected":false},"author":1,"featured_media":0,"parent":91,"menu_order":0,"comment_status":"closed","ping_status":"closed","template":"","meta":{"footnotes":""},"class_list":["post-126","page","type-page","status-publish","hentry"],"_links":{"self":[{"href":"https:\/\/ealp.fr\/index.php\/wp-json\/wp\/v2\/pages\/126","targetHints":{"allow":["GET"]}}],"collection":[{"href":"https:\/\/ealp.fr\/index.php\/wp-json\/wp\/v2\/pages"}],"about":[{"href":"https:\/\/ealp.fr\/index.php\/wp-json\/wp\/v2\/types\/page"}],"author":[{"embeddable":true,"href":"https:\/\/ealp.fr\/index.php\/wp-json\/wp\/v2\/users\/1"}],"replies":[{"embeddable":true,"href":"https:\/\/ealp.fr\/index.php\/wp-json\/wp\/v2\/comments?post=126"}],"version-history":[{"count":22,"href":"https:\/\/ealp.fr\/index.php\/wp-json\/wp\/v2\/pages\/126\/revisions"}],"predecessor-version":[{"id":289,"href":"https:\/\/ealp.fr\/index.php\/wp-json\/wp\/v2\/pages\/126\/revisions\/289"}],"up":[{"embeddable":true,"href":"https:\/\/ealp.fr\/index.php\/wp-json\/wp\/v2\/pages\/91"}],"wp:attachment":[{"href":"https:\/\/ealp.fr\/index.php\/wp-json\/wp\/v2\/media?parent=126"}],"curies":[{"name":"wp","href":"https:\/\/api.w.org\/{rel}","templated":true}]}}