{"id":145,"date":"2019-07-31T09:34:26","date_gmt":"2019-07-31T07:34:26","guid":{"rendered":"http:\/\/ealp.fr\/?page_id=145"},"modified":"2025-06-02T23:46:44","modified_gmt":"2025-06-02T21:46:44","slug":"contacts","status":"publish","type":"page","link":"https:\/\/ealp.fr\/index.php\/contacts\/","title":{"rendered":"Contacts"},"content":{"rendered":"\n<p><strong>Administration \/ Production \/ Diffusion<\/strong>  : <\/p>\n\n\n\n<p>EALP<\/p>\n\n\n\n<p>Si\u00e8ge : 28 boulevard de l&rsquo;Arm\u00e9e 16000 Angoul\u00eame<\/p>\n\n\n\n<p>SIRET : 497 788 463 00022  \/\/ APE : 9001Z<\/p>\n","protected":false},"excerpt":{"rendered":"<p>Administration \/ Production \/ Diffusion : EALP Si\u00e8ge : 28 boulevard de l&rsquo;Arm\u00e9e 16000 Angoul\u00eame SIRET : 497 788 463 00022 \/\/ APE : 9001Z<\/p>\n","protected":false},"author":1,"featured_media":0,"parent":0,"menu_order":0,"comment_status":"closed","ping_status":"closed","template":"","meta":{"footnotes":""},"class_list":["post-145","page","type-page","status-publish","hentry"],"_links":{"self":[{"href":"https:\/\/ealp.fr\/index.php\/wp-json\/wp\/v2\/pages\/145","targetHints":{"allow":["GET"]}}],"collection":[{"href":"https:\/\/ealp.fr\/index.php\/wp-json\/wp\/v2\/pages"}],"about":[{"href":"https:\/\/ealp.fr\/index.php\/wp-json\/wp\/v2\/types\/page"}],"author":[{"embeddable":true,"href":"https:\/\/ealp.fr\/index.php\/wp-json\/wp\/v2\/users\/1"}],"replies":[{"embeddable":true,"href":"https:\/\/ealp.fr\/index.php\/wp-json\/wp\/v2\/comments?post=145"}],"version-history":[{"count":9,"href":"https:\/\/ealp.fr\/index.php\/wp-json\/wp\/v2\/pages\/145\/revisions"}],"predecessor-version":[{"id":299,"href":"https:\/\/ealp.fr\/index.php\/wp-json\/wp\/v2\/pages\/145\/revisions\/299"}],"wp:attachment":[{"href":"https:\/\/ealp.fr\/index.php\/wp-json\/wp\/v2\/media?parent=145"}],"curies":[{"name":"wp","href":"https:\/\/api.w.org\/{rel}","templated":true}]}}