{"id":161,"date":"2020-09-28T10:47:16","date_gmt":"2020-09-28T08:47:16","guid":{"rendered":"http:\/\/ealp.fr\/?page_id=161"},"modified":"2020-09-28T11:03:10","modified_gmt":"2020-09-28T09:03:10","slug":"hommage-au-metre","status":"publish","type":"page","link":"https:\/\/ealp.fr\/index.php\/hommage-au-metre\/","title":{"rendered":"Hommage au m\u00e8tre"},"content":{"rendered":"\n<figure class=\"wp-block-image\"><img loading=\"lazy\" decoding=\"async\" width=\"325\" height=\"415\" src=\"http:\/\/ealp.fr\/wp-content\/uploads\/2020\/09\/Sault-Steinberg.png\" alt=\"\" class=\"wp-image-172\" srcset=\"https:\/\/ealp.fr\/wp-content\/uploads\/2020\/09\/Sault-Steinberg.png 325w, https:\/\/ealp.fr\/wp-content\/uploads\/2020\/09\/Sault-Steinberg-235x300.png 235w\" sizes=\"auto, (max-width: 325px) 100vw, 325px\" \/><figcaption>Saul Steinberg&rsquo;s Last Self-Portrait<\/figcaption><\/figure>\n\n\n\n<p><strong>Le rapport \u00e0 la repr\u00e9sentation, \u00e0 ce qu\u2019est une \u0153uvre d\u2019art, \u00e0 sa valeur, \u00e0 sa transmission sont autant de chevaux de bataille que je tente de dompter. Avec <\/strong><em><strong>Hommage au m\u00e8tre<\/strong><\/em><strong>, je m\u2019attelle \u00e0 fabriquer des conversations dans\u00e9es \u00e0 la chaine, des s\u00e9ries d\u2019hommages \u00e0 de grandes figures f\u00e9minines et masculines. <\/strong><strong>Et peut \u00eatre, ainsi d\u00e9couvrir comment hier parle d\u2019aujourd\u2019hui. <\/strong><\/p>\n\n\n\n<p>Pour <em>Hommage au m\u00e8tre<\/em>, j\u2019imagine une conversation dans\u00e9e \u00e0 partir d\u2019une archive textuelle d\u2019une pratique artistique. L\u2019entr\u00e9e sera toujours la m\u00eame : la mise en pratique physique de la pratique annonc\u00e9e et la mise au tamis de son \u00e9nonciation : Qu\u2019est-ce que je peux reproduire? Quels sont les \u00e9l\u00e9ments manquants \u00e0 la compr\u00e9hension et \u00e0 la mise en pratique ? Quels sont les 1ers espaces de transformations ? de transmissions ? <\/p>\n\n\n\n<p>\u00c0 travers ces conf\u00e9rences dans\u00e9es, je souhaite interroger un corpus de la danse et sa transmission au corps du danseur ; peut-\u00eatre d\u00e9couvrir ce qui fait support \u00e0 ces pratiques, ce qu\u2019il en subsiste et ce via un corps, le mien, femme dansant en 2020. <\/p>\n\n\n\n<p>Et aussi tisser des liens de pratique \u00e0 pratique, d\u2019exp\u00e9rimentations\nchor\u00e9graphiques \u00e0 sc\u00e9nographiques, d\u00e9voiler des plagiats par\nanticipation, et d\u00e9couvrir comment hier parle d\u2019aujourd\u2019hui.\n<\/p>\n\n\n\n<p>Avec <em>Hommage au m\u00e8tre<\/em>, il y a le d\u00e9sir d\u2019identifier des glissements\nd\u2019id\u00e9es, d\u2019une \u00e9poque \u00e0 une autre, d\u2019une discipline \u00e0 une autre.\nImaginer ce projet comme un espace de travail collaboratif devient\nalors un protocole \u00e9vident.\n<\/p>\n\n\n\n<p>Dans le cadre des repr\u00e9sentations des conversations dans\u00e9es,\nj\u2019imagine une autre invitation; celle d\u2019un historien de l\u2019art, d\u2019un\njournaliste, d\u2019un artiste&#8230; Ces personnes rencontr\u00e9es ont gr\u00e9 du\ntravail sont du grain \u00e0 moudre : \u00e0 partager !\n<\/p>\n","protected":false},"excerpt":{"rendered":"<p>Le rapport \u00e0 la repr\u00e9sentation, \u00e0 ce qu\u2019est une \u0153uvre d\u2019art, \u00e0 sa valeur, \u00e0 sa transmission sont autant de chevaux de bataille que je tente de dompter. Avec Hommage au m\u00e8tre, je m\u2019attelle \u00e0 fabriquer des conversations dans\u00e9es \u00e0 la chaine, des s\u00e9ries d\u2019hommages \u00e0 de grandes figures f\u00e9minines et masculines. Et peut \u00eatre, &hellip; <\/p>\n<p class=\"link-more\"><a href=\"https:\/\/ealp.fr\/index.php\/hommage-au-metre\/\" class=\"more-link\">Continuer la lecture<span class=\"screen-reader-text\"> de &laquo;&nbsp;Hommage au m\u00e8tre&nbsp;&raquo;<\/span><\/a><\/p>\n","protected":false},"author":1,"featured_media":0,"parent":0,"menu_order":0,"comment_status":"closed","ping_status":"closed","template":"","meta":{"footnotes":""},"class_list":["post-161","page","type-page","status-publish","hentry"],"_links":{"self":[{"href":"https:\/\/ealp.fr\/index.php\/wp-json\/wp\/v2\/pages\/161","targetHints":{"allow":["GET"]}}],"collection":[{"href":"https:\/\/ealp.fr\/index.php\/wp-json\/wp\/v2\/pages"}],"about":[{"href":"https:\/\/ealp.fr\/index.php\/wp-json\/wp\/v2\/types\/page"}],"author":[{"embeddable":true,"href":"https:\/\/ealp.fr\/index.php\/wp-json\/wp\/v2\/users\/1"}],"replies":[{"embeddable":true,"href":"https:\/\/ealp.fr\/index.php\/wp-json\/wp\/v2\/comments?post=161"}],"version-history":[{"count":4,"href":"https:\/\/ealp.fr\/index.php\/wp-json\/wp\/v2\/pages\/161\/revisions"}],"predecessor-version":[{"id":173,"href":"https:\/\/ealp.fr\/index.php\/wp-json\/wp\/v2\/pages\/161\/revisions\/173"}],"wp:attachment":[{"href":"https:\/\/ealp.fr\/index.php\/wp-json\/wp\/v2\/media?parent=161"}],"curies":[{"name":"wp","href":"https:\/\/api.w.org\/{rel}","templated":true}]}}