{"id":97,"date":"2019-07-29T17:14:26","date_gmt":"2019-07-29T15:14:26","guid":{"rendered":"http:\/\/ealp.fr\/?page_id=97"},"modified":"2019-07-29T18:02:48","modified_gmt":"2019-07-29T16:02:48","slug":"se-faire-un-non","status":"publish","type":"page","link":"https:\/\/ealp.fr\/index.php\/routine-2019-20xx\/se-faire-un-non\/","title":{"rendered":"Se Faire Un NON"},"content":{"rendered":"\n<figure class=\"wp-block-image\"><img loading=\"lazy\" decoding=\"async\" width=\"500\" height=\"333\" src=\"http:\/\/ealp.fr\/wp-content\/uploads\/2019\/07\/DSC08855-l.jpg\" alt=\"\" class=\"wp-image-107\" srcset=\"https:\/\/ealp.fr\/wp-content\/uploads\/2019\/07\/DSC08855-l.jpg 500w, https:\/\/ealp.fr\/wp-content\/uploads\/2019\/07\/DSC08855-l-300x200.jpg 300w\" sizes=\"auto, (max-width: 500px) 100vw, 500px\" \/><figcaption>CCN de Tours, SPOT #2 &#8211; mars 2018  \u00a9 Pierre Planchenault<\/figcaption><\/figure>\n\n\n\n<figure class=\"wp-block-image\"><img loading=\"lazy\" decoding=\"async\" width=\"500\" height=\"333\" src=\"http:\/\/ealp.fr\/wp-content\/uploads\/2019\/07\/DSC08953-l-1.jpg\" alt=\"\" class=\"wp-image-118\" srcset=\"https:\/\/ealp.fr\/wp-content\/uploads\/2019\/07\/DSC08953-l-1.jpg 500w, https:\/\/ealp.fr\/wp-content\/uploads\/2019\/07\/DSC08953-l-1-300x200.jpg 300w\" sizes=\"auto, (max-width: 500px) 100vw, 500px\" \/><figcaption>CCN de Tours, SPOT #2 &#8211; mars 2018  \u00a9 Pierre Planchenault<\/figcaption><\/figure>\n\n\n\n<p>Se faire un NON n\u2019est pas une pi\u00e8ce comique, et pourtant, on en<br> ressort le sourire aux l\u00e8vres, tant la pi\u00e8ce pour quatre interpr\u00e8tes<br> de l\u2019angoumoisine Elo\u00efse Deschemin r\u00e9jouit. Pourquoi&nbsp;?<br> Parce qu\u2019elle g\u00e9n\u00e8re plein de questionnements, apporte plein de<br> r\u00e9ponses \u2013 compl\u00e8tes ou non, pas toujours aux questions pos\u00e9es \u2013<br> par le biais de compositions de corps, de gestes et d\u2019objets aussi<br> r\u00e9f\u00e9renc\u00e9es que fac\u00e9tieuses, comblant ainsi autant le cerveau que<br> les yeux.<br> Dans cette nouvelle pi\u00e8ce, sa troisi\u00e8me, Elo\u00efse Deschemin veut<br> cr\u00e9er des univers, et s\u2019y applique&nbsp;: ils sont dix, cent, mille peut<br> \u00eatre, tant chaque \u00e9l\u00e9ment est support \u00e0 la r\u00eaverie. Tous sont d\u2019un<br> f\u00e9minin subtil et d\u00e9sinvolte qui se d\u00e9barrasse des clich\u00e9s qu\u2019on lui<br> colle souvent sans nuance. \u00c0 quoi cela tient il&nbsp;?<br> Simplement \u00e0 l\u2019interpr\u00e9tation. Les danseuses font appara\u00eetre et<br> dispara\u00eetre des tableaux \u00e9ph\u00e9m\u00e8res, qui parlent politique,<br> sociologie, art, culture et pouvoir. Un imaginaire puissant, tous<br> azimuts, gourmand dans les images qu\u2019il g\u00e9n\u00e8re&nbsp;: femmes tribales,<br> femmes enfants, femmes fatales, animaux de la Fontaine,<br> personnages de contes, monstres, idoles et vulgaires, paresseuses,<br> joueuses, coureuses, spirituelles et d\u00e9conneuses. Ici, pas<br> d\u2019hommes, et ils ne manquent pas&nbsp;: ces femmes cr\u00e9ent elles-<br> m\u00eames leurs soci\u00e9t\u00e9s, les r\u00eaves, l\u2019\u00eatre, l\u2019\u00e9motion, et d\u2019une plante<br> font une for\u00eat, d\u2019un totem d\u00e9mantel\u00e9 un diorama, d\u2019une danse<br> qu\u2019on imite un message sur la communaut\u00e9\u2026<br> On craint parfois le trop d\u2019accessoires. Elo\u00efse Deschemin g\u00e8re sa<br> sc\u00e9nographie&nbsp;: elle n\u2019en prend aucun de superflu, tout semble<br> servir plus de fois qu\u2019il est manipul\u00e9. D\u2019un tableau \u00e0 l\u2019autre, il fait<br> encore \u00e9cho. Devant l\u2019intelligence de la progression, on s\u2019inqui\u00e8te<br> vite d\u2019un final comme en voit trop ces derniers temps \u2013 un simple<br> noir au milieu de tout et de rien&nbsp;: que nenni, elle parvient encore \u00e0<br> faire sourire, \u00e0 surprendre son spectateur, et \u00e0 faire presque<br> regretter que ces mondes soient seulement imaginaires.<\/p>\n\n\n\n<p>Charles A. Catherine<br> Ballroom N\u00b018 \u2013 AVRIL JUIN 2018<\/p>\n","protected":false},"excerpt":{"rendered":"<p>Se faire un NON n\u2019est pas une pi\u00e8ce comique, et pourtant, on en ressort le sourire aux l\u00e8vres, tant la pi\u00e8ce pour quatre interpr\u00e8tes de l\u2019angoumoisine Elo\u00efse Deschemin r\u00e9jouit. Pourquoi&nbsp;? Parce qu\u2019elle g\u00e9n\u00e8re plein de questionnements, apporte plein de r\u00e9ponses \u2013 compl\u00e8tes ou non, pas toujours aux questions pos\u00e9es \u2013 par le biais de compositions &hellip; <\/p>\n<p class=\"link-more\"><a href=\"https:\/\/ealp.fr\/index.php\/routine-2019-20xx\/se-faire-un-non\/\" class=\"more-link\">Continuer la lecture<span class=\"screen-reader-text\"> de &laquo;&nbsp;Se Faire Un NON&nbsp;&raquo;<\/span><\/a><\/p>\n","protected":false},"author":1,"featured_media":0,"parent":84,"menu_order":0,"comment_status":"closed","ping_status":"closed","template":"","meta":{"footnotes":""},"class_list":["post-97","page","type-page","status-publish","hentry"],"_links":{"self":[{"href":"https:\/\/ealp.fr\/index.php\/wp-json\/wp\/v2\/pages\/97","targetHints":{"allow":["GET"]}}],"collection":[{"href":"https:\/\/ealp.fr\/index.php\/wp-json\/wp\/v2\/pages"}],"about":[{"href":"https:\/\/ealp.fr\/index.php\/wp-json\/wp\/v2\/types\/page"}],"author":[{"embeddable":true,"href":"https:\/\/ealp.fr\/index.php\/wp-json\/wp\/v2\/users\/1"}],"replies":[{"embeddable":true,"href":"https:\/\/ealp.fr\/index.php\/wp-json\/wp\/v2\/comments?post=97"}],"version-history":[{"count":14,"href":"https:\/\/ealp.fr\/index.php\/wp-json\/wp\/v2\/pages\/97\/revisions"}],"predecessor-version":[{"id":141,"href":"https:\/\/ealp.fr\/index.php\/wp-json\/wp\/v2\/pages\/97\/revisions\/141"}],"up":[{"embeddable":true,"href":"https:\/\/ealp.fr\/index.php\/wp-json\/wp\/v2\/pages\/84"}],"wp:attachment":[{"href":"https:\/\/ealp.fr\/index.php\/wp-json\/wp\/v2\/media?parent=97"}],"curies":[{"name":"wp","href":"https:\/\/api.w.org\/{rel}","templated":true}]}}